{"id":203,"date":"2016-09-12T11:47:39","date_gmt":"2016-09-12T10:47:39","guid":{"rendered":"http:\/\/opticlardenne.com\/?page_id=203"},"modified":"2020-12-10T12:38:59","modified_gmt":"2020-12-10T11:38:59","slug":"nos-points-forts","status":"publish","type":"page","link":"https:\/\/opticlardenne.com\/index.php\/nos-points-forts\/","title":{"rendered":"Nos points forts"},"content":{"rendered":"<ul>\n<li>Opticiens dipl\u00f4m\u00e9s, nous pouvons v\u00e9rifier gratuitement votre vue<\/li>\n<\/ul>\n<ul>\n<li>Vous \u00eates unique, nous vous proposons des montures et des verres les plus adapt\u00e9s \u00e0 votre physionomie et \u00e0 votre style de vie<\/li>\n<li><span class=\"color_11\">Nous vous conseillons sur\u00a0les technologies de verres de vue et le niveau de protection des verres solaires<\/span><\/li>\n<li>Notre magasin est sp\u00e9cialis\u00e9 dans l\u2019\u00e9quipement et l&rsquo;ajustage des lunettes enfant.<\/li>\n<\/ul>\n<ul>\n<li>La r\u00e9alisation de vos lunettes est faite par nos soins dans notre atelier de montage bien \u00e9quip\u00e9 et performant, vous garantissant\n<ul>\n<li>une livraison rapide et de qualit\u00e9<\/li>\n<li>une r\u00e9paration ou un ajustement rapide de votre \u00e9quipement<\/li>\n<\/ul>\n<\/li>\n<\/ul>\n<ul>\n<li>Nos verres sont de fabrication fran\u00e7aise (NOVACEL et ZEISS)<\/li>\n<\/ul>\n","protected":false},"excerpt":{"rendered":"<p>Opticiens dipl\u00f4m\u00e9s, nous pouvons v\u00e9rifier gratuitement votre vue Vous \u00eates unique, nous vous proposons des montures et des verres les plus adapt\u00e9s \u00e0 votre physionomie et \u00e0 votre style de vie Nous vous conseillons sur\u00a0les technologies de verres de vue et le niveau de protection des verres solaires Notre magasin est sp\u00e9cialis\u00e9 dans l\u2019\u00e9quipement et [&hellip;]<\/p>\n","protected":false},"author":1,"featured_media":0,"parent":0,"menu_order":0,"comment_status":"closed","ping_status":"closed","template":"","meta":[],"_links":{"self":[{"href":"https:\/\/opticlardenne.com\/index.php\/wp-json\/wp\/v2\/pages\/203"}],"collection":[{"href":"https:\/\/opticlardenne.com\/index.php\/wp-json\/wp\/v2\/pages"}],"about":[{"href":"https:\/\/opticlardenne.com\/index.php\/wp-json\/wp\/v2\/types\/page"}],"author":[{"embeddable":true,"href":"https:\/\/opticlardenne.com\/index.php\/wp-json\/wp\/v2\/users\/1"}],"replies":[{"embeddable":true,"href":"https:\/\/opticlardenne.com\/index.php\/wp-json\/wp\/v2\/comments?post=203"}],"version-history":[{"count":8,"href":"https:\/\/opticlardenne.com\/index.php\/wp-json\/wp\/v2\/pages\/203\/revisions"}],"predecessor-version":[{"id":708,"href":"https:\/\/opticlardenne.com\/index.php\/wp-json\/wp\/v2\/pages\/203\/revisions\/708"}],"wp:attachment":[{"href":"https:\/\/opticlardenne.com\/index.php\/wp-json\/wp\/v2\/media?parent=203"}],"curies":[{"name":"wp","href":"https:\/\/api.w.org\/{rel}","templated":true}]}}